{"id":1735,"date":"2024-12-19T15:24:52","date_gmt":"2024-12-19T14:24:52","guid":{"rendered":"https:\/\/brilmansdennen.nl\/startseite\/"},"modified":"2026-02-28T00:03:31","modified_gmt":"2026-02-27T23:03:31","slug":"startseite","status":"publish","type":"page","link":"https:\/\/brilmansdennen.nl\/de","title":{"rendered":"Startseite"},"content":{"rendered":"\t\t<div data-elementor-type=\"wp-post\" data-elementor-id=\"1735\" class=\"elementor elementor-1735 elementor-7\" data-elementor-post-type=\"page\">\n\t\t\t\t<div class=\"elementor-element elementor-element-f790b2f e-flex e-con-boxed e-con e-parent\" data-id=\"f790b2f\" data-element_type=\"container\" data-e-type=\"container\" data-settings=\"{&quot;background_background&quot;:&quot;slideshow&quot;,&quot;background_slideshow_gallery&quot;:[],&quot;background_slideshow_loop&quot;:&quot;yes&quot;,&quot;background_slideshow_slide_duration&quot;:5000,&quot;background_slideshow_slide_transition&quot;:&quot;fade&quot;,&quot;background_slideshow_transition_duration&quot;:500}\">\n\t\t\t\t\t<div class=\"e-con-inner\">\n\t\t\t\t<div class=\"elementor-element elementor-element-9121b93 elementor--h-position-center elementor--v-position-middle elementor-arrows-position-inside elementor-widget elementor-widget-slides\" data-id=\"9121b93\" data-element_type=\"widget\" data-e-type=\"widget\" id=\"random-slides\" data-settings=\"{&quot;autoplay_speed&quot;:7500,&quot;navigation&quot;:&quot;arrows&quot;,&quot;transition_speed&quot;:1000,&quot;autoplay&quot;:&quot;yes&quot;,&quot;pause_on_hover&quot;:&quot;yes&quot;,&quot;pause_on_interaction&quot;:&quot;yes&quot;,&quot;infinite&quot;:&quot;yes&quot;,&quot;transition&quot;:&quot;slide&quot;}\" data-widget_type=\"slides.default\">\n\t\t\t\t\t\t\t\t\t\t<div class=\"elementor-slides-wrapper elementor-main-swiper swiper\" role=\"region\" aria-roledescription=\"carousel\" aria-label=\"Slides\" dir=\"ltr\" data-animation=\"fadeInUp\">\n\t\t\t\t<div class=\"swiper-wrapper elementor-slides\">\n\t\t\t\t\t\t\t\t\t\t<div class=\"elementor-repeater-item-b47309c swiper-slide\" role=\"group\" aria-roledescription=\"slide\"><div class=\"swiper-slide-bg elementor-ken-burns elementor-ken-burns--in\" role=\"img\" aria-label=\"LWKY_20251220_174743-scaled\"><\/div><div class=\"elementor-background-overlay\"><\/div><a class=\"swiper-slide-inner\" href=\"https:\/\/brilmansdennen.nl\/de\/programm\/boekkers\"><div class=\"swiper-slide-contents\"><div class=\"elementor-slide-heading\">Psssst... Hej't a heurd?<\/div><div class=\"elementor-slide-description\"><p>B\u00f6kkers kump der an. Ungez\u00fcgelter Rock'n Roll, Birnen, Bier und ein unermesslicher Klumpen L\u00e4rm!   <\/br><br \/>\n21. August, mis't nig!<\/p>\n<\/div><\/div><\/a><\/div><div class=\"elementor-repeater-item-b41447e swiper-slide\" role=\"group\" aria-roledescription=\"slide\"><div class=\"swiper-slide-bg elementor-ken-burns elementor-ken-burns--in\" role=\"img\" aria-label=\"Pressefoto Tribute to The Cats Band\"><\/div><div class=\"elementor-background-overlay\"><\/div><a class=\"swiper-slide-inner\" href=\"https:\/\/brilmansdennen.nl\/de\/programm\/hommage-an-the-cats-band\"><div class=\"swiper-slide-contents\"><div class=\"elementor-slide-heading\">Hommage an The Cats Band<\/div><div class=\"elementor-slide-description\"><p>Erleben Sie am 16. Mai den zeitlosen Sound der Cats mit der Tribute to The Cats Band. Ein Abend mit wiedererkennbaren Hits und mehrstimmigen Harmonien. <\/p>\n<\/div><\/div><\/a><\/div><div class=\"elementor-repeater-item-6a64b79 swiper-slide\" role=\"group\" aria-roledescription=\"slide\"><div class=\"swiper-slide-bg elementor-ken-burns elementor-ken-burns--in\" role=\"img\" aria-label=\"Kopie des Entwurfs ohne Titel\"><\/div><div class=\"elementor-background-overlay\"><\/div><a class=\"swiper-slide-inner\" href=\"https:\/\/brilmansdennen.nl\/de\/programm\/edwin-evers-band-klassik-tournee\"><div class=\"swiper-slide-contents\"><div class=\"elementor-slide-heading\">Edwin Evers Band - Klassik-Tournee<\/div><div class=\"elementor-slide-description\"><p>Dieses Mal konnte sich die Edwin Evers Band wirklich nicht entscheiden...! Deshalb spielen sie auf der Classics Tour die beste und lustigste Musik aller Zeiten.<br \/>\nEine v\u00f6llig neue Show voller Energie, Wiedererkennungswert und Party mit Klassikern aus vielen Jahrzehnten.<br \/>\n<\/br><\/br><br \/>\nNur noch Karten f\u00fcr Freitag, den 5. Juni<\/p>\n<\/div><\/div><\/a><\/div><div class=\"elementor-repeater-item-569a3da swiper-slide\" role=\"group\" aria-roledescription=\"slide\"><div class=\"swiper-slide-bg elementor-ken-burns elementor-ken-burns--in\" role=\"img\" aria-label=\"Foto 89\"><\/div><div class=\"elementor-background-overlay\"><\/div><a class=\"swiper-slide-inner\" href=\"https:\/\/brilmansdennen.nl\/de\/freund-von\"><div class=\"swiper-slide-contents\"><div class=\"elementor-slide-heading\">Werden Sie ein Freund des Theaters!<\/div><div class=\"elementor-slide-description\"><p>F\u00fcr nur 25 \u20ac im Jahr unterst\u00fctzen Sie unser sch\u00f6nes Theater.  <\/br>Lesen Sie schnell weiter, um herauszufinden, welche Vorteile Sie davon haben!<\/p>\n<\/div><\/div><\/a><\/div><div class=\"elementor-repeater-item-009d9e6 swiper-slide\" role=\"group\" aria-roledescription=\"slide\"><div class=\"swiper-slide-bg elementor-ken-burns elementor-ken-burns--in\" role=\"img\" aria-label=\"BeeGees by MainCourse Groep1\"><\/div><div class=\"elementor-background-overlay\"><\/div><a class=\"swiper-slide-inner\" href=\"https:\/\/brilmansdennen.nl\/de\/programm\/bee-gees-von-maincourse\"><div class=\"swiper-slide-contents\"><div class=\"elementor-slide-heading\">Bee Gees von MainCourse<\/div><div class=\"elementor-slide-description\"><p>Freitag, 4. September Stayin' Alive und singen How Deep Is Your Love unter einem Himmel voller Disco-Glitzer. Von Night Fever bis You Should Be Dancing, ein Abend voller Groove, Nostalgie und purer Energie.<br \/>\n<\/br><br \/>\nVerpassen Sie nicht diese knisternde Hommage... \ud83c\udfb6\ud83d\udc83\ud83d\udd7a<\/p>\n<\/div><\/div><\/a><\/div>\t\t\t\t<\/div>\n\t\t\t\t\t\t\t\t\t\t\t\t\t\t\t<div class=\"elementor-swiper-button elementor-swiper-button-prev\" role=\"button\" tabindex=\"0\" aria-label=\"Vorige slide\">\n\t\t\t\t\t\t\t<svg aria-hidden=\"true\" class=\"e-font-icon-svg e-eicon-chevron-left\" viewBox=\"0 0 1000 1000\" xmlns=\"http:\/\/www.w3.org\/2000\/svg\"><path d=\"M646 125C629 125 613 133 604 142L308 442C296 454 292 471 292 487 292 504 296 521 308 533L604 854C617 867 629 875 646 875 663 875 679 871 692 858 704 846 713 829 713 812 713 796 708 779 692 767L438 487 692 225C700 217 708 204 708 187 708 171 704 154 692 142 675 129 663 125 646 125Z\"><\/path><\/svg>\t\t\t\t\t\t<\/div>\n\t\t\t\t\t\t<div class=\"elementor-swiper-button elementor-swiper-button-next\" role=\"button\" tabindex=\"0\" aria-label=\"Volgende slide\">\n\t\t\t\t\t\t\t<svg aria-hidden=\"true\" class=\"e-font-icon-svg e-eicon-chevron-right\" viewBox=\"0 0 1000 1000\" xmlns=\"http:\/\/www.w3.org\/2000\/svg\"><path d=\"M696 533C708 521 713 504 713 487 713 471 708 454 696 446L400 146C388 133 375 125 354 125 338 125 325 129 313 142 300 154 292 171 292 187 292 204 296 221 308 233L563 492 304 771C292 783 288 800 288 817 288 833 296 850 308 863 321 871 338 875 354 875 371 875 388 867 400 854L696 533Z\"><\/path><\/svg>\t\t\t\t\t\t<\/div>\n\t\t\t\t\t\t\t\t\t\t\t\t\t\t\t\t\t<\/div>\n\t\t\t\t\t\t\t\t<\/div>\n\t\t\t\t\t<\/div>\n\t\t\t\t<\/div>\n\t\t<div class=\"elementor-element elementor-element-d28992b e-flex e-con-boxed e-con e-parent\" data-id=\"d28992b\" data-element_type=\"container\" data-e-type=\"container\" data-settings=\"{&quot;background_background&quot;:&quot;classic&quot;}\">\n\t\t\t\t\t<div class=\"e-con-inner\">\n\t\t<div class=\"elementor-element elementor-element-dab7fcd e-con-full e-flex e-con e-child\" data-id=\"dab7fcd\" data-element_type=\"container\" data-e-type=\"container\" data-settings=\"{&quot;background_background&quot;:&quot;classic&quot;}\">\n\t\t\t\t<div class=\"elementor-element elementor-element-4b49f29 elementor-widget elementor-widget-heading\" data-id=\"4b49f29\" data-element_type=\"widget\" data-e-type=\"widget\" data-widget_type=\"heading.default\">\n\t\t\t\t\t<h2 class=\"elementor-heading-title elementor-size-default\">GENIESSEN IN LOSSER<\/h2>\t\t\t\t<\/div>\n\t\t\t\t<div class=\"elementor-element elementor-element-fe95c6f elementor-widget elementor-widget-button\" data-id=\"fe95c6f\" data-element_type=\"widget\" data-e-type=\"widget\" data-widget_type=\"button.default\">\n\t\t\t\t\t\t\t\t\t\t<a class=\"elementor-button elementor-button-link elementor-size-sm\" href=\"https:\/\/brilmansdennen.nl\/de\/programm\">\n\t\t\t\t\t\t<span class=\"elementor-button-content-wrapper\">\n\t\t\t\t\t\t\t\t\t<span class=\"elementor-button-text\">PROGRAMM<\/span>\n\t\t\t\t\t<\/span>\n\t\t\t\t\t<\/a>\n\t\t\t\t\t\t\t\t<\/div>\n\t\t\t\t<\/div>\n\t\t<div class=\"elementor-element elementor-element-e8d046f e-con-full e-flex e-con e-child\" data-id=\"e8d046f\" data-element_type=\"container\" data-e-type=\"container\" data-settings=\"{&quot;background_background&quot;:&quot;classic&quot;}\">\n\t\t\t\t<div class=\"elementor-element elementor-element-ec0d34e elementor-widget elementor-widget-text-editor\" data-id=\"ec0d34e\" data-element_type=\"widget\" data-e-type=\"widget\" data-widget_type=\"text-editor.default\">\n\t\t\t\t\t\t\t\t\t<p>Auf der stimmungsvollen Freilichtb\u00fchne Brilmansdennen in Losser wird Kultur lebendig. Entdecken Sie unser vielseitiges Programm und erleben Sie unvergessliche Momente. Informieren Sie sich auf unserer Website \u00fcber alle M\u00f6glichkeiten und buchen Sie ein gem\u00fctliches Beisammensein mit Kollegen, Familie oder Freunden!    <br>Wir sehen uns in #Losser!<\/p>\t\t\t\t\t\t\t\t<\/div>\n\t\t\t\t<\/div>\n\t\t<div class=\"elementor-element elementor-element-98ba4d3 e-con-full e-flex e-con e-child\" data-id=\"98ba4d3\" data-element_type=\"container\" data-e-type=\"container\" data-settings=\"{&quot;background_background&quot;:&quot;classic&quot;,&quot;position&quot;:&quot;absolute&quot;,&quot;motion_fx_motion_fx_scrolling&quot;:&quot;yes&quot;,&quot;motion_fx_translateY_effect&quot;:&quot;yes&quot;,&quot;motion_fx_translateY_speed&quot;:{&quot;unit&quot;:&quot;px&quot;,&quot;size&quot;:4.5,&quot;sizes&quot;:[]},&quot;motion_fx_translateY_direction&quot;:&quot;negative&quot;,&quot;animation_mobile&quot;:&quot;fadeIn&quot;,&quot;motion_fx_translateY_affectedRange&quot;:{&quot;unit&quot;:&quot;%&quot;,&quot;size&quot;:&quot;&quot;,&quot;sizes&quot;:{&quot;start&quot;:0,&quot;end&quot;:100}},&quot;motion_fx_devices&quot;:[&quot;desktop&quot;,&quot;tablet&quot;,&quot;mobile&quot;]}\">\n\t\t\t\t<div class=\"elementor-element elementor-element-3c6039e elementor-widget elementor-widget-image\" data-id=\"3c6039e\" data-element_type=\"widget\" data-e-type=\"widget\" data-widget_type=\"image.default\">\n\t\t\t\t\t\t\t\t\t\t\t\t\t\t\t<img fetchpriority=\"high\" decoding=\"async\" width=\"261\" height=\"497\" src=\"https:\/\/brilmansdennen.nl\/wp-content\/uploads\/2024\/12\/oranje-muzieknoot.png\" class=\"attachment-large size-large wp-image-222\" alt=\"\" srcset=\"https:\/\/brilmansdennen.nl\/wp-content\/uploads\/2024\/12\/oranje-muzieknoot.png 261w, https:\/\/brilmansdennen.nl\/wp-content\/uploads\/2024\/12\/oranje-muzieknoot-158x300.png 158w\" sizes=\"(max-width: 261px) 100vw, 261px\" \/>\t\t\t\t\t\t\t\t\t\t\t\t\t\t\t<\/div>\n\t\t\t\t<\/div>\n\t\t\t\t\t<\/div>\n\t\t\t\t<\/div>\n\t\t<div class=\"elementor-element elementor-element-d6f6bc0 e-flex e-con-boxed e-con e-parent\" data-id=\"d6f6bc0\" data-element_type=\"container\" data-e-type=\"container\" data-settings=\"{&quot;background_background&quot;:&quot;classic&quot;}\">\n\t\t\t\t\t<div class=\"e-con-inner\">\n\t\t<div class=\"elementor-element elementor-element-5b60190 e-con-full e-flex e-con e-child\" data-id=\"5b60190\" data-element_type=\"container\" data-e-type=\"container\" data-settings=\"{&quot;background_background&quot;:&quot;classic&quot;}\">\n\t\t\t\t<div class=\"elementor-element elementor-element-36aef31 elementor-widget elementor-widget-spacer\" data-id=\"36aef31\" data-element_type=\"widget\" data-e-type=\"widget\" data-widget_type=\"spacer.default\">\n\t\t\t\t\t\t\t<div class=\"elementor-spacer\">\n\t\t\t<div class=\"elementor-spacer-inner\"><\/div>\n\t\t<\/div>\n\t\t\t\t\t\t<\/div>\n\t\t\t\t<\/div>\n\t\t\t\t\t<\/div>\n\t\t\t\t<\/div>\n\t\t\t\t<\/div>\n\t\t","protected":false},"excerpt":{"rendered":"<p>Psssst&#8230; Hej't a heurd? B\u00f6kkers kump der an. Ungez\u00fcgelter Rock&#8217;n Roll, Birnen, Bier und ein unermesslicher Klumpen L\u00e4rm! 21. August, mis't nig! Hommage an The Cats Band Erleben Sie am 16. Mai den zeitlosen Sound der Cats mit der Tribute to The Cats Band. Ein Abend mit wiedererkennbaren Hits und mehrstimmigen Harmonien. Edwin Evers Band [&hellip;]<\/p>\n","protected":false},"author":1,"featured_media":0,"parent":0,"menu_order":0,"comment_status":"closed","ping_status":"closed","template":"","meta":{"_acf_changed":false,"footnotes":""},"class_list":["post-1735","page","type-page","status-publish","hentry"],"acf":[],"yoast_head":"<!-- This site is optimized with the Yoast SEO plugin v27.5 - https:\/\/yoast.com\/product\/yoast-seo-wordpress\/ -->\n<title>Freilichtb\u00fchne Brilmansdennen - #GenietenInLosser<\/title>\n<meta name=\"robots\" content=\"index, follow, max-snippet:-1, max-image-preview:large, max-video-preview:-1\" \/>\n<link rel=\"canonical\" href=\"https:\/\/brilmansdennen.nl\/de\" \/>\n<meta property=\"og:locale\" content=\"de_DE\" \/>\n<meta property=\"og:type\" content=\"article\" \/>\n<meta property=\"og:title\" content=\"Freilichtb\u00fchne Brilmansdennen - #GenietenInLosser\" \/>\n<meta property=\"og:description\" content=\"Psssst&#8230; Hej&#039;t a heurd? B\u00f6kkers kump der an. Ungez\u00fcgelter Rock&#8217;n Roll, Birnen, Bier und ein unermesslicher Klumpen L\u00e4rm! 21. August, mis&#039;t nig! Hommage an The Cats Band Erleben Sie am 16. Mai den zeitlosen Sound der Cats mit der Tribute to The Cats Band. Ein Abend mit wiedererkennbaren Hits und mehrstimmigen Harmonien. Edwin Evers Band [&hellip;]\" \/>\n<meta property=\"og:url\" content=\"https:\/\/brilmansdennen.nl\/de\" \/>\n<meta property=\"og:site_name\" content=\"Freilichtb\u00fchne Brilmansdennen\" \/>\n<meta property=\"article:publisher\" content=\"https:\/\/facebook.com\/openluchttheaterbrilmansdennen\" \/>\n<meta property=\"article:modified_time\" content=\"2026-02-27T23:03:31+00:00\" \/>\n<meta property=\"og:image\" content=\"https:\/\/brilmansdennen.nl\/wp-content\/uploads\/2024\/12\/oranje-muzieknoot.png\" \/>\n\t<meta property=\"og:image:width\" content=\"261\" \/>\n\t<meta property=\"og:image:height\" content=\"497\" \/>\n\t<meta property=\"og:image:type\" content=\"image\/png\" \/>\n<meta name=\"twitter:card\" content=\"summary_large_image\" \/>\n<meta name=\"twitter:label1\" content=\"Gesch\u00e4tzte Lesezeit\" \/>\n\t<meta name=\"twitter:data1\" content=\"1\u00a0Minute\" \/>\n<script type=\"application\/ld+json\" class=\"yoast-schema-graph\">{\"@context\":\"https:\\\/\\\/schema.org\",\"@graph\":[{\"@type\":\"WebPage\",\"@id\":\"https:\\\/\\\/brilmansdennen.nl\\\/de\",\"url\":\"https:\\\/\\\/brilmansdennen.nl\\\/de\",\"name\":\"Freilichtb\u00fchne Brilmansdennen - #GenietenInLosser\",\"isPartOf\":{\"@id\":\"https:\\\/\\\/brilmansdennen.nl\\\/de#website\"},\"primaryImageOfPage\":{\"@id\":\"https:\\\/\\\/brilmansdennen.nl\\\/de#primaryimage\"},\"image\":{\"@id\":\"https:\\\/\\\/brilmansdennen.nl\\\/de#primaryimage\"},\"thumbnailUrl\":\"https:\\\/\\\/brilmansdennen.nl\\\/wp-content\\\/uploads\\\/2024\\\/12\\\/oranje-muzieknoot.png\",\"datePublished\":\"2024-12-19T14:24:52+00:00\",\"dateModified\":\"2026-02-27T23:03:31+00:00\",\"breadcrumb\":{\"@id\":\"https:\\\/\\\/brilmansdennen.nl\\\/de#breadcrumb\"},\"inLanguage\":\"de\",\"potentialAction\":[{\"@type\":\"ReadAction\",\"target\":[\"https:\\\/\\\/brilmansdennen.nl\\\/de\"]}]},{\"@type\":\"ImageObject\",\"inLanguage\":\"de\",\"@id\":\"https:\\\/\\\/brilmansdennen.nl\\\/de#primaryimage\",\"url\":\"https:\\\/\\\/brilmansdennen.nl\\\/wp-content\\\/uploads\\\/2024\\\/12\\\/oranje-muzieknoot.png\",\"contentUrl\":\"https:\\\/\\\/brilmansdennen.nl\\\/wp-content\\\/uploads\\\/2024\\\/12\\\/oranje-muzieknoot.png\"},{\"@type\":\"BreadcrumbList\",\"@id\":\"https:\\\/\\\/brilmansdennen.nl\\\/de#breadcrumb\",\"itemListElement\":[{\"@type\":\"ListItem\",\"position\":1,\"name\":\"Startseite\",\"item\":\"https:\\\/\\\/brilmansdennen.nl\\\/de\"},{\"@type\":\"ListItem\",\"position\":2,\"name\":\"Startseite\"}]},{\"@type\":\"WebSite\",\"@id\":\"https:\\\/\\\/brilmansdennen.nl\\\/de#website\",\"url\":\"https:\\\/\\\/brilmansdennen.nl\\\/de\",\"name\":\"Openluchttheater Brilmansdennen\",\"description\":\"#GenietenInLosser\",\"publisher\":{\"@id\":\"https:\\\/\\\/brilmansdennen.nl\\\/de#organization\"},\"potentialAction\":[{\"@type\":\"SearchAction\",\"target\":{\"@type\":\"EntryPoint\",\"urlTemplate\":\"https:\\\/\\\/brilmansdennen.nl\\\/de?s={search_term_string}\"},\"query-input\":{\"@type\":\"PropertyValueSpecification\",\"valueRequired\":true,\"valueName\":\"search_term_string\"}}],\"inLanguage\":\"de\"},{\"@type\":\"Organization\",\"@id\":\"https:\\\/\\\/brilmansdennen.nl\\\/de#organization\",\"name\":\"Openluchttheater Brilmansdennen\",\"url\":\"https:\\\/\\\/brilmansdennen.nl\\\/de\",\"logo\":{\"@type\":\"ImageObject\",\"inLanguage\":\"de\",\"@id\":\"https:\\\/\\\/brilmansdennen.nl\\\/de#\\\/schema\\\/logo\\\/image\\\/\",\"url\":\"https:\\\/\\\/brilmansdennen.nl\\\/wp-content\\\/uploads\\\/2024\\\/12\\\/logo-brilmansdennen-liggend-2025.png\",\"contentUrl\":\"https:\\\/\\\/brilmansdennen.nl\\\/wp-content\\\/uploads\\\/2024\\\/12\\\/logo-brilmansdennen-liggend-2025.png\",\"width\":503,\"height\":230,\"caption\":\"Openluchttheater Brilmansdennen\"},\"image\":{\"@id\":\"https:\\\/\\\/brilmansdennen.nl\\\/de#\\\/schema\\\/logo\\\/image\\\/\"},\"sameAs\":[\"https:\\\/\\\/facebook.com\\\/openluchttheaterbrilmansdennen\",\"https:\\\/\\\/instagram.com\\\/openluchttheaterbrilmansdennen\\\/\"]}]}<\/script>\n<!-- \/ Yoast SEO plugin. -->","yoast_head_json":{"title":"Freilichtb\u00fchne Brilmansdennen - #GenietenInLosser","robots":{"index":"index","follow":"follow","max-snippet":"max-snippet:-1","max-image-preview":"max-image-preview:large","max-video-preview":"max-video-preview:-1"},"canonical":"https:\/\/brilmansdennen.nl\/de","og_locale":"de_DE","og_type":"article","og_title":"Freilichtb\u00fchne Brilmansdennen - #GenietenInLosser","og_description":"Psssst&#8230; Hej't a heurd? B\u00f6kkers kump der an. Ungez\u00fcgelter Rock&#8217;n Roll, Birnen, Bier und ein unermesslicher Klumpen L\u00e4rm! 21. August, mis't nig! Hommage an The Cats Band Erleben Sie am 16. Mai den zeitlosen Sound der Cats mit der Tribute to The Cats Band. Ein Abend mit wiedererkennbaren Hits und mehrstimmigen Harmonien. Edwin Evers Band [&hellip;]","og_url":"https:\/\/brilmansdennen.nl\/de","og_site_name":"Freilichtb\u00fchne Brilmansdennen","article_publisher":"https:\/\/facebook.com\/openluchttheaterbrilmansdennen","article_modified_time":"2026-02-27T23:03:31+00:00","og_image":[{"width":261,"height":497,"url":"https:\/\/brilmansdennen.nl\/wp-content\/uploads\/2024\/12\/oranje-muzieknoot.png","type":"image\/png"}],"twitter_card":"summary_large_image","twitter_misc":{"Gesch\u00e4tzte Lesezeit":"1\u00a0Minute"},"schema":{"@context":"https:\/\/schema.org","@graph":[{"@type":"WebPage","@id":"https:\/\/brilmansdennen.nl\/de","url":"https:\/\/brilmansdennen.nl\/de","name":"Freilichtb\u00fchne Brilmansdennen - #GenietenInLosser","isPartOf":{"@id":"https:\/\/brilmansdennen.nl\/de#website"},"primaryImageOfPage":{"@id":"https:\/\/brilmansdennen.nl\/de#primaryimage"},"image":{"@id":"https:\/\/brilmansdennen.nl\/de#primaryimage"},"thumbnailUrl":"https:\/\/brilmansdennen.nl\/wp-content\/uploads\/2024\/12\/oranje-muzieknoot.png","datePublished":"2024-12-19T14:24:52+00:00","dateModified":"2026-02-27T23:03:31+00:00","breadcrumb":{"@id":"https:\/\/brilmansdennen.nl\/de#breadcrumb"},"inLanguage":"de","potentialAction":[{"@type":"ReadAction","target":["https:\/\/brilmansdennen.nl\/de"]}]},{"@type":"ImageObject","inLanguage":"de","@id":"https:\/\/brilmansdennen.nl\/de#primaryimage","url":"https:\/\/brilmansdennen.nl\/wp-content\/uploads\/2024\/12\/oranje-muzieknoot.png","contentUrl":"https:\/\/brilmansdennen.nl\/wp-content\/uploads\/2024\/12\/oranje-muzieknoot.png"},{"@type":"BreadcrumbList","@id":"https:\/\/brilmansdennen.nl\/de#breadcrumb","itemListElement":[{"@type":"ListItem","position":1,"name":"Startseite","item":"https:\/\/brilmansdennen.nl\/de"},{"@type":"ListItem","position":2,"name":"Startseite"}]},{"@type":"WebSite","@id":"https:\/\/brilmansdennen.nl\/de#website","url":"https:\/\/brilmansdennen.nl\/de","name":"Openluchttheater Brilmansdennen","description":"#GenietenInLosser","publisher":{"@id":"https:\/\/brilmansdennen.nl\/de#organization"},"potentialAction":[{"@type":"SearchAction","target":{"@type":"EntryPoint","urlTemplate":"https:\/\/brilmansdennen.nl\/de?s={search_term_string}"},"query-input":{"@type":"PropertyValueSpecification","valueRequired":true,"valueName":"search_term_string"}}],"inLanguage":"de"},{"@type":"Organization","@id":"https:\/\/brilmansdennen.nl\/de#organization","name":"Openluchttheater Brilmansdennen","url":"https:\/\/brilmansdennen.nl\/de","logo":{"@type":"ImageObject","inLanguage":"de","@id":"https:\/\/brilmansdennen.nl\/de#\/schema\/logo\/image\/","url":"https:\/\/brilmansdennen.nl\/wp-content\/uploads\/2024\/12\/logo-brilmansdennen-liggend-2025.png","contentUrl":"https:\/\/brilmansdennen.nl\/wp-content\/uploads\/2024\/12\/logo-brilmansdennen-liggend-2025.png","width":503,"height":230,"caption":"Openluchttheater Brilmansdennen"},"image":{"@id":"https:\/\/brilmansdennen.nl\/de#\/schema\/logo\/image\/"},"sameAs":["https:\/\/facebook.com\/openluchttheaterbrilmansdennen","https:\/\/instagram.com\/openluchttheaterbrilmansdennen\/"]}]}},"_links":{"self":[{"href":"https:\/\/brilmansdennen.nl\/de\/wp-json\/wp\/v2\/pages\/1735","targetHints":{"allow":["GET"]}}],"collection":[{"href":"https:\/\/brilmansdennen.nl\/de\/wp-json\/wp\/v2\/pages"}],"about":[{"href":"https:\/\/brilmansdennen.nl\/de\/wp-json\/wp\/v2\/types\/page"}],"author":[{"embeddable":true,"href":"https:\/\/brilmansdennen.nl\/de\/wp-json\/wp\/v2\/users\/1"}],"replies":[{"embeddable":true,"href":"https:\/\/brilmansdennen.nl\/de\/wp-json\/wp\/v2\/comments?post=1735"}],"version-history":[{"count":49,"href":"https:\/\/brilmansdennen.nl\/de\/wp-json\/wp\/v2\/pages\/1735\/revisions"}],"predecessor-version":[{"id":2567,"href":"https:\/\/brilmansdennen.nl\/de\/wp-json\/wp\/v2\/pages\/1735\/revisions\/2567"}],"wp:attachment":[{"href":"https:\/\/brilmansdennen.nl\/de\/wp-json\/wp\/v2\/media?parent=1735"}],"curies":[{"name":"wp","href":"https:\/\/api.w.org\/{rel}","templated":true}]}}